{"id":63828,"date":"2024-09-10T07:26:53","date_gmt":"2024-09-10T07:26:53","guid":{"rendered":"https:\/\/cprcare.com\/formacion-y-certificacion-online-en-patogenos-de-transmision-sanguinea\/"},"modified":"2025-09-02T13:30:26","modified_gmt":"2025-09-02T13:30:26","slug":"formacion-y-certificacion-online-en-patogenos-de-transmision-sanguinea","status":"publish","type":"page","link":"https:\/\/cprcare.com\/es\/course\/bloodborne\/","title":{"rendered":"Formaci\u00f3n y Certificaci\u00f3n Online en Pat\u00f3genos de Transmisi\u00f3n Sangu\u00ednea"},"content":{"rendered":"","protected":false},"excerpt":{"rendered":"","protected":false},"author":4,"featured_media":0,"parent":0,"menu_order":0,"comment_status":"closed","ping_status":"closed","template":"landing-page\/healthcare-cpr-certification.php","meta":{"_acf_changed":false,"inline_featured_image":false,"_monsterinsights_skip_tracking":false,"_monsterinsights_sitenote_active":false,"_monsterinsights_sitenote_note":"","_monsterinsights_sitenote_category":0,"footnotes":""},"class_list":["post-63828","page","type-page","status-publish","hentry"],"acf":[],"aioseo_notices":[],"_links":{"self":[{"href":"https:\/\/cprcare.com\/es\/wp-json\/wp\/v2\/pages\/63828","targetHints":{"allow":["GET"]}}],"collection":[{"href":"https:\/\/cprcare.com\/es\/wp-json\/wp\/v2\/pages"}],"about":[{"href":"https:\/\/cprcare.com\/es\/wp-json\/wp\/v2\/types\/page"}],"author":[{"embeddable":true,"href":"https:\/\/cprcare.com\/es\/wp-json\/wp\/v2\/users\/4"}],"replies":[{"embeddable":true,"href":"https:\/\/cprcare.com\/es\/wp-json\/wp\/v2\/comments?post=63828"}],"version-history":[{"count":0,"href":"https:\/\/cprcare.com\/es\/wp-json\/wp\/v2\/pages\/63828\/revisions"}],"wp:attachment":[{"href":"https:\/\/cprcare.com\/es\/wp-json\/wp\/v2\/media?parent=63828"}],"curies":[{"name":"wp","href":"https:\/\/api.w.org\/{rel}","templated":true}]}}